{"id":513,"date":"2014-03-28T19:24:40","date_gmt":"2014-03-28T19:24:40","guid":{"rendered":"http:\/\/vergo.me\/demo\/photolic\/?page_id=513"},"modified":"2024-09-13T12:18:20","modified_gmt":"2024-09-13T16:18:20","slug":"templates","status":"publish","type":"page","link":"https:\/\/consultoria.anzoategui.gob.ve\/?page_id=513","title":{"rendered":"CREACI\u00d3N DE LOS DECRETOS DEL ESTADO ANZO\u00c1TEGUI"},"content":{"rendered":"\t\t<div data-elementor-type=\"wp-page\" data-elementor-id=\"513\" class=\"elementor elementor-513\">\n\t\t\t\t\t\t\t<div class=\"elementor-element elementor-element-cb278c3 e-flex e-con-boxed e-con e-parent\" data-id=\"cb278c3\" data-element_type=\"container\" data-settings=\"{&quot;content_width&quot;:&quot;boxed&quot;}\" data-core-v316-plus=\"true\">\n\t\t\t\t\t<div class=\"e-con-inner\">\n\t\t\t\t<div class=\"elementor-element elementor-element-e313300 elementor-widget elementor-widget-heading\" data-id=\"e313300\" data-element_type=\"widget\" data-widget_type=\"heading.default\">\n\t\t\t\t<div class=\"elementor-widget-container\">\n\t\t\t<style>\/*! elementor - v3.18.0 - 20-12-2023 *\/\n.elementor-heading-title{padding:0;margin:0;line-height:1}.elementor-widget-heading .elementor-heading-title[class*=elementor-size-]>a{color:inherit;font-size:inherit;line-height:inherit}.elementor-widget-heading .elementor-heading-title.elementor-size-small{font-size:15px}.elementor-widget-heading .elementor-heading-title.elementor-size-medium{font-size:19px}.elementor-widget-heading .elementor-heading-title.elementor-size-large{font-size:29px}.elementor-widget-heading .elementor-heading-title.elementor-size-xl{font-size:39px}.elementor-widget-heading .elementor-heading-title.elementor-size-xxl{font-size:59px}<\/style><h2 class=\"elementor-heading-title elementor-size-default\">\u00bfS\u00c1BES LO QUE ES UN DECRETO?<\/h2>\t\t<\/div>\n\t\t\t\t<\/div>\n\t\t\t\t\t<\/div>\n\t\t\t\t<\/div>\n\t\t<div class=\"elementor-element elementor-element-9ffd149 e-flex e-con-boxed e-con e-parent\" data-id=\"9ffd149\" data-element_type=\"container\" data-settings=\"{&quot;content_width&quot;:&quot;boxed&quot;}\" data-core-v316-plus=\"true\">\n\t\t\t\t\t<div class=\"e-con-inner\">\n\t\t\t\t<div class=\"elementor-element elementor-element-1e583b5 elementor-widget elementor-widget-text-editor\" data-id=\"1e583b5\" data-element_type=\"widget\" data-widget_type=\"text-editor.default\">\n\t\t\t\t<div class=\"elementor-widget-container\">\n\t\t\t<style>\/*! elementor - v3.18.0 - 20-12-2023 *\/\n.elementor-widget-text-editor.elementor-drop-cap-view-stacked .elementor-drop-cap{background-color:#69727d;color:#fff}.elementor-widget-text-editor.elementor-drop-cap-view-framed .elementor-drop-cap{color:#69727d;border:3px solid;background-color:transparent}.elementor-widget-text-editor:not(.elementor-drop-cap-view-default) .elementor-drop-cap{margin-top:8px}.elementor-widget-text-editor:not(.elementor-drop-cap-view-default) .elementor-drop-cap-letter{width:1em;height:1em}.elementor-widget-text-editor .elementor-drop-cap{float:left;text-align:center;line-height:1;font-size:50px}.elementor-widget-text-editor .elementor-drop-cap-letter{display:inline-block}<\/style>\t\t\t\t<p style=\"padding-left: 40px;\">Es un acto administrativo de efectos generales que contiene la manifestaci\u00f3n de voluntad del Gobernador del estado Anzo\u00e1tegui, en ejercicio de las competencias legalmente establecidas y que produce efectos jur\u00eddicos una vez que ha sido publicado en la Gaceta Oficial del estado Anzo\u00e1tegui.<\/p>\t\t\t\t\t\t<\/div>\n\t\t\t\t<\/div>\n\t\t\t\t<div class=\"elementor-element elementor-element-33e2f26 elementor-widget elementor-widget-heading\" data-id=\"33e2f26\" data-element_type=\"widget\" data-widget_type=\"heading.default\">\n\t\t\t\t<div class=\"elementor-widget-container\">\n\t\t\t<h2 class=\"elementor-heading-title elementor-size-default\">\u00bfQUI\u00c9N ES LA AUTORIDAD COMPETENTE PARA DICTAR DECRETOS EN EL ESTADO ANZO\u00c1TEGUI?<\/h2>\t\t<\/div>\n\t\t\t\t<\/div>\n\t\t\t\t<div class=\"elementor-element elementor-element-bf9546e elementor-widget elementor-widget-text-editor\" data-id=\"bf9546e\" data-element_type=\"widget\" data-widget_type=\"text-editor.default\">\n\t\t\t\t<div class=\"elementor-widget-container\">\n\t\t\t\t\t\t\t<p style=\"padding-left: 40px;\">El Gobernador del estado Anzo\u00e1tegui, es la \u00fanica autoridad competente para dictar decretos de acuerdo con la <a href=\"https:\/\/consultoria.anzoategui.gob.ve\/wp-content\/uploads\/2024\/02\/const-anzoategui.pdf\">Constituci\u00f3n del estado Anzo\u00e1tegui<\/a> y la Ley de Administraci\u00f3n P\u00fablica del estado Anzo\u00e1tegui, instruye, bien sea verbalmente o por escrito al Consultor Jur\u00eddico de la Gobernaci\u00f3n del estado Anzo\u00e1tegui donde le expone la necesidad de dictar el decreto en base a la planificaci\u00f3n de las pol\u00edticas p\u00fablicas del Estado.<\/p>\t\t\t\t\t\t<\/div>\n\t\t\t\t<\/div>\n\t\t\t\t<div class=\"elementor-element elementor-element-dda2468 elementor-widget elementor-widget-heading\" data-id=\"dda2468\" data-element_type=\"widget\" data-widget_type=\"heading.default\">\n\t\t\t\t<div class=\"elementor-widget-container\">\n\t\t\t<h2 class=\"elementor-heading-title elementor-size-default\">\u00bfC\u00daAL ES EL RECORRIDO DE UN DECRETO EN LA GOBERNACI\u00d3N DE ANZO\u00c1TEGUI?<\/h2>\t\t<\/div>\n\t\t\t\t<\/div>\n\t\t\t\t<div class=\"elementor-element elementor-element-60c271f elementor-widget elementor-widget-text-editor\" data-id=\"60c271f\" data-element_type=\"widget\" data-widget_type=\"text-editor.default\">\n\t\t\t\t<div class=\"elementor-widget-container\">\n\t\t\t\t\t\t\t<p style=\"padding-left: 40px;\">El Consultor Jur\u00eddico, tomando en consideraci\u00f3n toda la normativa legal que regula la situaci\u00f3n planteada por esta M\u00e1xima Autoridad del Estado, y verificando en la ley o leyes respectivas, de acuerdo con la materia que se vaya a incluir en el Decreto, la competencia del Gobernador y el cumplimiento del procedimiento legalmente establecido, procede a redactar el decreto, una vez revisados, nuevamente, por el Consultor Jur\u00eddico todos los par\u00e1metros legales y los hechos que involucran el contenido del decreto, remite\u00a0 el decreto al Despacho del Gobernador.<\/p><p style=\"padding-left: 40px;\">El Gobernador, una vez revisado el contenido del Decreto, lo suscribe y le coloca el sello. Cumplida esta fase, el decreto es remitido a la Secretar\u00eda General de Gobierno.<\/p><p style=\"padding-left: 40px;\">La Secretaria o el Secretario General de Gobierno, una vez revisado el contenido del acto denominado decreto, lo autoriza y lo refrenda o seg\u00fan la situaci\u00f3n, lo devuelve para que sea corregido. Subsanadas todas las omisiones u observaciones realizadas por el Secretario o Secretaria General de Gobierno, este funcionario procede a autorizar y refrendar\u00a0 el decreto, ordenando su publicaci\u00f3n en la Gaceta Oficial del estado Anzo\u00e1tegui. A partir de la publicaci\u00f3n en la Gaceta Oficial del estado Anzo\u00e1tegui, adquiere eficacia jur\u00eddica el decreto.<\/p>\t\t\t\t\t\t<\/div>\n\t\t\t\t<\/div>\n\t\t\t\t\t<\/div>\n\t\t\t\t<\/div>\n\t\t<div class=\"elementor-element elementor-element-f35852b e-flex e-con-boxed e-con e-parent\" data-id=\"f35852b\" data-element_type=\"container\" data-settings=\"{&quot;content_width&quot;:&quot;boxed&quot;}\" data-core-v316-plus=\"true\">\n\t\t\t\t\t<div class=\"e-con-inner\">\n\t\t\t\t<div class=\"elementor-element elementor-element-878e9ef elementor-widget elementor-widget-text-editor\" data-id=\"878e9ef\" data-element_type=\"widget\" data-widget_type=\"text-editor.default\">\n\t\t\t\t<div class=\"elementor-widget-container\">\n\t\t\t\t\t\t\t<p><!-- wp:paragraph --><\/p><blockquote><p><span style=\"color: #0066ff; font-family: 'Playfair Display', serif; font-size: 20px; font-weight: bold; text-align: center; background-color: #ffffff;\">No estamos en una era de cambios, sino en un cambio de era caracterizado por la digitalizaci\u00f3n de pr\u00e1cticamente todo lo que nos rodea.\u00a0<\/span><\/p><p><b><span style=\"color: #222222; font-size: 18px; background-color: #ffffff;\">Em\u00e9rito Mart\u00ednez.\u00a0<\/span><span style=\"font-size: 18px; color: #222222; letter-spacing: 0px; font-family: var( --e-global-typography-text-font-family ), Sans-serif; text-align: var(--text-align);\">L\u00edder de Transformaci\u00f3n Digital.<\/span><\/b><\/p><\/blockquote><p><!-- \/wp:quote --><\/p><p><!-- wp:paragraph --><\/p><p><!-- \/wp:paragraph --><\/p>\t\t\t\t\t\t<\/div>\n\t\t\t\t<\/div>\n\t\t\t\t<div class=\"elementor-element elementor-element-a730c89 elementor-widget elementor-widget-text-editor\" data-id=\"a730c89\" data-element_type=\"widget\" data-widget_type=\"text-editor.default\">\n\t\t\t\t<div class=\"elementor-widget-container\">\n\t\t\t\t\t\t\t\t\t\t\t\t\t<\/div>\n\t\t\t\t<\/div>\n\t\t\t\t\t<\/div>\n\t\t\t\t<\/div>\n\t\t\t\t\t\t\t<\/div>\n\t\t","protected":false},"excerpt":{"rendered":"<p>\u00bfS\u00c1BES LO QUE ES UN DECRETO? Es un acto administrativo de efectos generales que contiene la manifestaci\u00f3n de voluntad del Gobernador del estado Anzo\u00e1tegui, en ejercicio de las competencias legalmente establecidas y que produce efectos jur\u00eddicos una vez que ha sido publicado en la Gaceta Oficial del estado Anzo\u00e1tegui. \u00bfQUI\u00c9N LA AUTORIDAD COMPETENTE PARA DICTAR &hellip;<\/p>\n","protected":false},"author":1,"featured_media":0,"parent":0,"menu_order":0,"comment_status":"closed","ping_status":"closed","template":"","meta":{"_monsterinsights_skip_tracking":false,"_monsterinsights_sitenote_active":false,"_monsterinsights_sitenote_note":"","_monsterinsights_sitenote_category":0,"footnotes":""},"class_list":["post-513","page","type-page","status-publish","hentry"],"_links":{"self":[{"href":"https:\/\/consultoria.anzoategui.gob.ve\/index.php?rest_route=\/wp\/v2\/pages\/513","targetHints":{"allow":["GET"]}}],"collection":[{"href":"https:\/\/consultoria.anzoategui.gob.ve\/index.php?rest_route=\/wp\/v2\/pages"}],"about":[{"href":"https:\/\/consultoria.anzoategui.gob.ve\/index.php?rest_route=\/wp\/v2\/types\/page"}],"author":[{"embeddable":true,"href":"https:\/\/consultoria.anzoategui.gob.ve\/index.php?rest_route=\/wp\/v2\/users\/1"}],"replies":[{"embeddable":true,"href":"https:\/\/consultoria.anzoategui.gob.ve\/index.php?rest_route=%2Fwp%2Fv2%2Fcomments&post=513"}],"version-history":[{"count":38,"href":"https:\/\/consultoria.anzoategui.gob.ve\/index.php?rest_route=\/wp\/v2\/pages\/513\/revisions"}],"predecessor-version":[{"id":10297,"href":"https:\/\/consultoria.anzoategui.gob.ve\/index.php?rest_route=\/wp\/v2\/pages\/513\/revisions\/10297"}],"wp:attachment":[{"href":"https:\/\/consultoria.anzoategui.gob.ve\/index.php?rest_route=%2Fwp%2Fv2%2Fmedia&parent=513"}],"curies":[{"name":"wp","href":"https:\/\/api.w.org\/{rel}","templated":true}]}}