{"id":12162,"date":"2026-01-08T09:10:07","date_gmt":"2026-01-08T13:10:07","guid":{"rendered":"https:\/\/consultoria.anzoategui.gob.ve\/?page_id=12162"},"modified":"2026-04-10T21:03:17","modified_gmt":"2026-04-11T01:03:17","slug":"gacetas-oficiales-2026","status":"publish","type":"page","link":"https:\/\/consultoria.anzoategui.gob.ve\/?page_id=12162","title":{"rendered":"GACETAS OFICIALES 2026"},"content":{"rendered":"\t\t<div data-elementor-type=\"wp-page\" data-elementor-id=\"12162\" class=\"elementor elementor-12162\">\n\t\t\t\t\t\t\t<div class=\"elementor-element elementor-element-3cd652f e-flex e-con-boxed e-con e-parent\" data-id=\"3cd652f\" data-element_type=\"container\" data-settings=\"{&quot;content_width&quot;:&quot;boxed&quot;}\" data-core-v316-plus=\"true\">\n\t\t\t\t\t<div class=\"e-con-inner\">\n\t\t\t\t<div class=\"elementor-element elementor-element-9f94b43 elementor-widget elementor-widget-heading\" data-id=\"9f94b43\" data-element_type=\"widget\" data-widget_type=\"heading.default\">\n\t\t\t\t<div class=\"elementor-widget-container\">\n\t\t\t<style>\/*! elementor - v3.18.0 - 20-12-2023 *\/\n.elementor-heading-title{padding:0;margin:0;line-height:1}.elementor-widget-heading .elementor-heading-title[class*=elementor-size-]>a{color:inherit;font-size:inherit;line-height:inherit}.elementor-widget-heading .elementor-heading-title.elementor-size-small{font-size:15px}.elementor-widget-heading .elementor-heading-title.elementor-size-medium{font-size:19px}.elementor-widget-heading .elementor-heading-title.elementor-size-large{font-size:29px}.elementor-widget-heading .elementor-heading-title.elementor-size-xl{font-size:39px}.elementor-widget-heading .elementor-heading-title.elementor-size-xxl{font-size:59px}<\/style><span class=\"elementor-heading-title elementor-size-default\">Las Gacetas Oficiales, bien sea de la Rep\u00fablica Bolivariana de Venezuela o del estado Anzo\u00e1tegui, fungen como per\u00edodico oficial, donde se publican para que surtan todos sus efectos legales, las leyes, los actos administrativos de efectos generales y de efectos particulares que las respectivas leyes as\u00ed lo ordenen; estos actos son emanados de la Administraci\u00f3n P\u00fablica, entendida \u00e9sta en sentido general (Poder Ejecutivo, Poder Legislativo, Poder Judicial, Poder Electoral y Poder Moral). Tiene una clasificaci\u00f3n, a saber: Extraordinarias y Ordinarias.\n<br><br>\n<i><u>NOTA: Las gacetas que no aparecen publicadas en esta p\u00e1gina, las mismas sean solicitadas en la Secretar\u00eda General de Gobierno, por cuanto emanan de otros entes.<\/u><\/i><\/span>\t\t<\/div>\n\t\t\t\t<\/div>\n\t\t\t\t\t<\/div>\n\t\t\t\t<\/div>\n\t\t<div class=\"elementor-element elementor-element-c3941ae e-flex e-con-boxed e-con e-parent\" data-id=\"c3941ae\" data-element_type=\"container\" data-settings=\"{&quot;content_width&quot;:&quot;boxed&quot;}\" data-core-v316-plus=\"true\">\n\t\t\t\t\t<div class=\"e-con-inner\">\n\t\t<div class=\"elementor-element elementor-element-05d3f60 e-flex e-con-boxed e-con e-child\" data-id=\"05d3f60\" data-element_type=\"container\" data-settings=\"{&quot;content_width&quot;:&quot;boxed&quot;}\">\n\t\t\t\t\t<div class=\"e-con-inner\">\n\t\t<div class=\"elementor-element elementor-element-6e8a575 e-flex e-con-boxed e-con e-child\" data-id=\"6e8a575\" data-element_type=\"container\" data-settings=\"{&quot;content_width&quot;:&quot;boxed&quot;}\">\n\t\t\t\t\t<div class=\"e-con-inner\">\n\t\t\t\t<div class=\"elementor-element elementor-element-95d98bf elementor-tabs-view-horizontal elementor-widget elementor-widget-tabs\" data-id=\"95d98bf\" data-element_type=\"widget\" data-widget_type=\"tabs.default\">\n\t\t\t\t<div class=\"elementor-widget-container\">\n\t\t\t<style>\/*! elementor - v3.18.0 - 20-12-2023 *\/\n.elementor-widget-tabs.elementor-tabs-view-vertical .elementor-tabs-wrapper{width:25%;flex-shrink:0}.elementor-widget-tabs.elementor-tabs-view-vertical .elementor-tab-desktop-title.elementor-active{border-right-style:none}.elementor-widget-tabs.elementor-tabs-view-vertical .elementor-tab-desktop-title.elementor-active:after,.elementor-widget-tabs.elementor-tabs-view-vertical .elementor-tab-desktop-title.elementor-active:before{height:999em;width:0;right:0;border-right-style:solid}.elementor-widget-tabs.elementor-tabs-view-vertical .elementor-tab-desktop-title.elementor-active:before{top:0;transform:translateY(-100%)}.elementor-widget-tabs.elementor-tabs-view-vertical .elementor-tab-desktop-title.elementor-active:after{top:100%}.elementor-widget-tabs.elementor-tabs-view-horizontal .elementor-tab-desktop-title{display:table-cell}.elementor-widget-tabs.elementor-tabs-view-horizontal .elementor-tab-desktop-title.elementor-active{border-bottom-style:none}.elementor-widget-tabs.elementor-tabs-view-horizontal .elementor-tab-desktop-title.elementor-active:after,.elementor-widget-tabs.elementor-tabs-view-horizontal .elementor-tab-desktop-title.elementor-active:before{bottom:0;height:0;width:999em;border-bottom-style:solid}.elementor-widget-tabs.elementor-tabs-view-horizontal .elementor-tab-desktop-title.elementor-active:before{right:100%}.elementor-widget-tabs.elementor-tabs-view-horizontal .elementor-tab-desktop-title.elementor-active:after{left:100%}.elementor-widget-tabs .elementor-tab-content,.elementor-widget-tabs .elementor-tab-title,.elementor-widget-tabs .elementor-tab-title:after,.elementor-widget-tabs .elementor-tab-title:before,.elementor-widget-tabs .elementor-tabs-content-wrapper{border:1px #d5d8dc}.elementor-widget-tabs .elementor-tabs{text-align:left}.elementor-widget-tabs .elementor-tabs-wrapper{overflow:hidden}.elementor-widget-tabs .elementor-tab-title{cursor:pointer;outline:var(--focus-outline,none)}.elementor-widget-tabs .elementor-tab-desktop-title{position:relative;padding:20px 25px;font-weight:700;line-height:1;border:solid transparent}.elementor-widget-tabs .elementor-tab-desktop-title.elementor-active{border-color:#d5d8dc}.elementor-widget-tabs .elementor-tab-desktop-title.elementor-active:after,.elementor-widget-tabs .elementor-tab-desktop-title.elementor-active:before{display:block;content:\"\";position:absolute}.elementor-widget-tabs .elementor-tab-desktop-title:focus-visible{border:1px solid #000}.elementor-widget-tabs .elementor-tab-mobile-title{padding:10px;cursor:pointer}.elementor-widget-tabs .elementor-tab-content{padding:20px;display:none}@media (max-width:767px){.elementor-tabs .elementor-tab-content,.elementor-tabs .elementor-tab-title{border-style:solid solid none}.elementor-tabs .elementor-tabs-wrapper{display:none}.elementor-tabs .elementor-tabs-content-wrapper{border-bottom-style:solid}.elementor-tabs .elementor-tab-content{padding:10px}}@media (min-width:768px){.elementor-widget-tabs.elementor-tabs-view-vertical .elementor-tabs{display:flex}.elementor-widget-tabs.elementor-tabs-view-vertical .elementor-tabs-wrapper{flex-direction:column}.elementor-widget-tabs.elementor-tabs-view-vertical .elementor-tabs-content-wrapper{flex-grow:1;border-style:solid solid solid none}.elementor-widget-tabs.elementor-tabs-view-horizontal .elementor-tab-content{border-style:none solid solid}.elementor-widget-tabs.elementor-tabs-alignment-center .elementor-tabs-wrapper,.elementor-widget-tabs.elementor-tabs-alignment-end .elementor-tabs-wrapper,.elementor-widget-tabs.elementor-tabs-alignment-stretch .elementor-tabs-wrapper{display:flex}.elementor-widget-tabs.elementor-tabs-alignment-center .elementor-tabs-wrapper{justify-content:center}.elementor-widget-tabs.elementor-tabs-alignment-end .elementor-tabs-wrapper{justify-content:flex-end}.elementor-widget-tabs.elementor-tabs-alignment-stretch.elementor-tabs-view-horizontal .elementor-tab-title{width:100%}.elementor-widget-tabs.elementor-tabs-alignment-stretch.elementor-tabs-view-vertical .elementor-tab-title{height:100%}.elementor-tabs .elementor-tab-mobile-title{display:none}}<\/style>\t\t<div class=\"elementor-tabs\">\n\t\t\t<div class=\"elementor-tabs-wrapper\" role=\"tablist\" >\n\t\t\t\t\t\t\t\t\t<div id=\"elementor-tab-title-1571\" class=\"elementor-tab-title elementor-tab-desktop-title\" aria-selected=\"true\" data-tab=\"1\" role=\"tab\" tabindex=\"0\" aria-controls=\"elementor-tab-content-1571\" aria-expanded=\"false\">Extraordinarias<\/div>\n\t\t\t\t\t\t\t\t\t<div id=\"elementor-tab-title-1572\" class=\"elementor-tab-title elementor-tab-desktop-title\" aria-selected=\"false\" data-tab=\"2\" role=\"tab\" tabindex=\"-1\" aria-controls=\"elementor-tab-content-1572\" aria-expanded=\"false\">Ordinarias<\/div>\n\t\t\t\t\t\t\t<\/div>\n\t\t\t<div class=\"elementor-tabs-content-wrapper\" role=\"tablist\" aria-orientation=\"vertical\">\n\t\t\t\t\t\t\t\t\t<div class=\"elementor-tab-title elementor-tab-mobile-title\" aria-selected=\"true\" data-tab=\"1\" role=\"tab\" tabindex=\"0\" aria-controls=\"elementor-tab-content-1571\" aria-expanded=\"false\">Extraordinarias<\/div>\n\t\t\t\t\t<div id=\"elementor-tab-content-1571\" class=\"elementor-tab-content elementor-clearfix\" data-tab=\"1\" role=\"tabpanel\" aria-labelledby=\"elementor-tab-title-1571\" tabindex=\"0\" hidden=\"false\"><p>Las gacetas ordinarias son las que se publican de manera cotidiana, de lunes a viernes producto de la actividad diaria de la Administraci\u00f3n.<\/p><ul><li><a href=\"https:\/\/consultoria.anzoategui.gob.ve\/wp-content\/uploads\/2026\/01\/Gaceta92EXT2026.pdf\" target=\"_blank\" rel=\"noopener\">CORRECCI\u00d3N GACETA OFICIAL N\u00ba 92 EXT CONDECORACI\u00d3N POST-MORTEM DE LA ORDEN GENERAL DE DIVISI\u00d3N JOS\u00c9 ANTONIO ANZO\u00c1TEGUI.<\/a><\/li><li><a href=\"https:\/\/consultoria.anzoategui.gob.ve\/wp-content\/uploads\/2026\/03\/Gaceta-oficial-Numero-93-Extraordinario-.pdf\" target=\"_blank\" rel=\"noopener\">GACETA OFICIAL N\u00ba 93 EXT DESIGNACI\u00d3N DE 077 D\u00cdAS DE LA CIUDAD DEL TIGRE COMO CAPITAL.<\/a><\/li><li><a href=\"https:\/\/consultoria.anzoategui.gob.ve\/wp-content\/uploads\/2026\/04\/Gaceta-Oficial-Numero-94-Extraordinario-.pdf\" target=\"_blank\" rel=\"noopener\">GACETA OFICIAL N\u00ba 94 EXT OTORGAMIENTOS DE \u00d3RDENES GENERAL DE DIVISI\u00d3N JOS\u00c9 ANTONIO ANZO\u00c1TEGUI.<\/a><\/li><\/ul><ul><li><a href=\"https:\/\/consultoria.anzoategui.gob.ve\/wp-content\/uploads\/2026\/04\/Gaceta-Oficial-Numero-95-Extraordinario-.pdf\" target=\"_blank\" rel=\"noopener\">GACETA OFICIAL N\u00ba 95 EXT CONDECORACI\u00d3N DE ORDEN GENERAL DE DIVISI\u00d3N JOS\u00c9 ANTONIO ANZO\u00c1TEGUI AL CUERPO DE BOMBEROS.<\/a><\/li><\/ul><\/div>\n\t\t\t\t\t\t\t\t\t<div class=\"elementor-tab-title elementor-tab-mobile-title\" aria-selected=\"false\" data-tab=\"2\" role=\"tab\" tabindex=\"-1\" aria-controls=\"elementor-tab-content-1572\" aria-expanded=\"false\">Ordinarias<\/div>\n\t\t\t\t\t<div id=\"elementor-tab-content-1572\" class=\"elementor-tab-content elementor-clearfix\" data-tab=\"2\" role=\"tabpanel\" aria-labelledby=\"elementor-tab-title-1572\" tabindex=\"0\" hidden=\"hidden\"><p>Las gacetas extraordinarias se publican de manera eventual, cuando surgen contingencias, situaciones extraordinarias o de importancia nacional que no son producto de la actividad cotidiana de la Administraci\u00f3n.<\/p><ul><li><a href=\"https:\/\/consultoria.anzoategui.gob.ve\/wp-content\/uploads\/2026\/01\/DECRETO-NRO-371-EXTRAORDINARIO-672-fecha-07-de-enero-de-2026.pdf\" target=\"_blank\" rel=\"noopener\">GACETA OFICIAL N\u00ba 672 ORD DECRETO 371 DESIGNACI\u00d3N DEL CONSEJO DIRECTIVO DEL INSTITUTO AUT\u00d3NOMO DE LA SECRETAR\u00cdA DE LA VIVIENDA DE LA GOBERNACI\u00d3N DEL ESTADO ANZO\u00c1TEGUI.<\/a><\/li><li><a href=\"https:\/\/consultoria.anzoategui.gob.ve\/wp-content\/uploads\/2026\/01\/DECRETO-NRO-375-EXTRAORDINARIO-675-DE-FECHA-14-DE-ENERO-DE-2026-MEDIANTE-EL-CUAL-SE-DEROGAN-LOS-DECRETOS-N\u00b093-16-08-2024-G.O-NRO-351-NRO-318-ORDINARIO-602-28-10-2025-SE-DEROGA-N.pdf\" target=\"_blank\" rel=\"noopener\">GACETA OFICIAL N\u00ba 675 ORD DECRETO 378 SE DEROGAN LOS DECRETOS 93 (GACETA OFICIAL 351 ORD), 318 (GACETA OFICIAL 602 ORD) Y 14 (GACETA 14 EXT).<\/a><\/li><li><a href=\"https:\/\/consultoria.anzoategui.gob.ve\/wp-content\/uploads\/2026\/02\/DECRETO-NRO-377-ORDINARIO-679-DE-FECHA-19-DE-ENERO-DE-2026-DE-LA-DESIGNACION-DEL-CIUDADANO-ANTONIO-GUZMAN-COMO-PRESIDENTE-DE-CREANZ-.S.A.pdf\" target=\"_blank\" rel=\"noopener\">GACETA OFICIAL N\u00ba 679 DECRETO 377 ORD DESIGNACI\u00d3N DEL PRESIDENTE DE CREANZ, S.A.<\/a><\/li><li><a href=\"https:\/\/consultoria.anzoategui.gob.ve\/wp-content\/uploads\/2026\/01\/DECRETO-NRO-378-ORDINARIO-680-19-DE-ENERO-DE-2026-MEDIANTE-EL-CUAL-SE-DEROGA-DEL-DECRETO-N18-A-DE-FECHA-25-DE-AGOSTO-DE-2017.pdf\" target=\"_blank\" rel=\"noopener\">GACETA OFICIAL N\u00ba 680 DECRETO 375 ORD SE DEROGA EL DECRETO 18-A DE LA GACETA OFICIAL EXT 74-A DE LA CESION DEL 100% DE LAS ACCIONES DE LA CORPORACI\u00d3N REGIONAL DE ABASTECIMIENTO DEL ESTADO ANZO\u00c1TEGUI, CREANZ S.A.<\/a><\/li><li><a href=\"https:\/\/consultoria.anzoategui.gob.ve\/wp-content\/uploads\/2026\/02\/Decreto-N\u00b0380-Numero-685-Ordinario-.pdf\" target=\"_blank\" rel=\"noopener\">GACETA OFICIAL N\u00ba 685 ORD DECRETO 380 CORRECCI\u00d3N DEL DECRETO 342 DEL 28 DE NOVIEMBRE DE 2025.<\/a><\/li><li><a href=\"https:\/\/consultoria.anzoategui.gob.ve\/wp-content\/uploads\/2026\/02\/GO689ORDDECRETO383.pdf\" target=\"_blank\" rel=\"noopener\">GACETA OFICIAL N\u00ba 689 ORD DECRETO 384 SE ESTABLECE EL SISTEMA PROPIO DE VI\u00c1TICOS PARA LOS FUNCIONARIOS, FUNCIONARIAS, TRABAJADORAS TRABAJADORES ADSCRITOS A LA GOBERNACI\u00d3N DEL ESTADO ANZO\u00c1TEGUI, SUS \u00d3RGANOS Y ENTES.<\/a><\/li><li><a href=\"https:\/\/consultoria.anzoategui.gob.ve\/wp-content\/uploads\/2026\/02\/Decreto-N\u00b0385-Numero-693-Ordinario-.pdf\" target=\"_blank\" rel=\"noopener\">GACETA OFICIAL N\u00ba 693 ORD DECRETO 385 DESIGNACI\u00d3N DEL SUBDIRECTOR DE BIENES P\u00daBLICOS DE LA GOBERNACION DEL ESTADO ANZO\u00c1TEGUI.<\/a><\/li><li><a href=\"https:\/\/consultoria.anzoategui.gob.ve\/wp-content\/uploads\/2026\/03\/Exoneracion-de-los-entes.pdf\" target=\"_blank\" rel=\"noopener\">GACETA OFICIAL N\u00ba 699 ORD DECRETO 387 EXONERACI\u00d3N DE TIMBRE FISCAL AL EDIFICIO SEDE DE LA GOBERNACI\u00d3N, AS\u00cd COMO SUS ENTES DESENTRALIZADOS Y DESCONCENTRADOS.<\/a><\/li><li><a href=\"https:\/\/consultoria.anzoategui.gob.ve\/wp-content\/uploads\/2026\/03\/Reglamento-de-auditoria.pdf\" target=\"_blank\" rel=\"noopener\">GACETA OFICIAL N\u00ba 702 ORD DECRETO 390 REGLAMENTO INTERNO DE LA DIRECCI\u00d3N DE AUDITOR\u00cdA INTERNA GOBERNACI\u00d3N DEL ESTADO ANZO\u00c1TEGUI.<\/a><\/li><li><a href=\"https:\/\/consultoria.anzoategui.gob.ve\/wp-content\/uploads\/2026\/03\/Exoneracion-maremare.pdf\" target=\"_blank\" rel=\"noopener\">GACETA OFICIAL N\u00ba 703 ORD DECRETO 391 EXONERACI\u00d3N DE TIMBRE FISCAL Y TASAS DE SERVICIO AL EVENTO &#8220;RUMBA BIKER MARAMARES LECHER\u00cdA 2026&#8221;.<\/a><\/li><li><a href=\"https:\/\/consultoria.anzoategui.gob.ve\/wp-content\/uploads\/2026\/03\/Decreto-fundar-y-hidrocarburos.pdf\" target=\"_blank\" rel=\"noopener\">GACETA OFICIAL N\u00ba 709 ORD DECRETO 394 DESIGNACI\u00d3N DE LA JUNTA DIRECTIVA DE FUNDAR &#8211; DECRETO 395 EXONERACI\u00d3N CORPORACI\u00d3N ANZOATIGUENSE DE HIDROCARBUROS.<\/a><\/li><li><a href=\"https:\/\/consultoria.anzoategui.gob.ve\/wp-content\/uploads\/2026\/04\/Gaceta-Oficial-Numero-716-Ordinario-.pdf\" target=\"_blank\" rel=\"noopener\">GACETA OFICIAL N\u00ba 716 ORD DECRETO 400 DESIGNACI\u00d3N DEL SUBDIRECTOR DE COMUNAS &#8211; DECRETO 401 CONCLUIDO EL PROCESO DE LIQUIDACI\u00d3N DE FONDEPANZ.<\/a><\/li><li><a href=\"https:\/\/consultoria.anzoategui.gob.ve\/wp-content\/uploads\/2026\/03\/GACETA-OFICIAL-ORD.-No-722-1X1000-SATANZ.pdf\" target=\"_blank\" rel=\"noopener\">GACETA OFICIAL N\u00ba 722 ORD SERVICIO DE ADMINISTRACI\u00d3N TRIBUTARIA DEL ESTADO ANZO\u00c1TEGUI.<\/a><\/li><li><a href=\"https:\/\/consultoria.anzoategui.gob.ve\/wp-content\/uploads\/2026\/03\/GACETA-OFICIAL-ORD.-No-723-ORGANIGRAMA-PROANZOATEGUI.pdf\" target=\"_blank\" rel=\"noopener\">GACETA OFICIAL N\u00ba 723 ORD ESTRUCTURA ORGANIZATIVA DE PROANZO\u00c1TEGUI APROBADA POR LA JUNTA DIRECTIVA.<\/a><\/li><li><a href=\"https:\/\/consultoria.anzoategui.gob.ve\/wp-content\/uploads\/2026\/03\/GACETA-OFICIAL-ORD.-No-723-ORGANIGRAMA-PROANZOATEGUI.pdf\" target=\"_blank\" rel=\"noopener\">GACETA OFICIAL N\u00ba 730 ORD SE CONSTITUYE EL COMIT\u00c9 DE LICITACIONES Y CONTRATACIONES P\u00daBLICAS DE LA POLIC\u00cdA DEL ESTADO ANZO\u00c1TEGUI.<\/a><\/li><\/ul><\/div>\n\t\t\t\t\t\t\t<\/div>\n\t\t<\/div>\n\t\t\t\t<\/div>\n\t\t\t\t<\/div>\n\t\t\t\t\t<\/div>\n\t\t\t\t<\/div>\n\t\t\t\t\t<\/div>\n\t\t\t\t<\/div>\n\t\t\t\t\t<\/div>\n\t\t\t\t<\/div>\n\t\t\t\t\t\t\t<\/div>\n\t\t","protected":false},"excerpt":{"rendered":"<p>Las Gacetas Oficiales, bien sea de la Rep\u00fablica Bolivariana de Venezuela o del estado Anzo\u00e1tegui, fungen como per\u00edodico oficial, donde se publican para que surtan todos sus efectos legales, las leyes, los actos administrativos de efectos generales y de efectos particulares que las respectivas leyes as\u00ed lo ordenen; estos actos son emanados de la Administraci\u00f3n &hellip;<\/p>\n","protected":false},"author":1,"featured_media":0,"parent":0,"menu_order":0,"comment_status":"closed","ping_status":"closed","template":"","meta":{"_monsterinsights_skip_tracking":false,"_monsterinsights_sitenote_active":false,"_monsterinsights_sitenote_note":"","_monsterinsights_sitenote_category":0,"footnotes":""},"class_list":["post-12162","page","type-page","status-publish","hentry"],"_links":{"self":[{"href":"https:\/\/consultoria.anzoategui.gob.ve\/index.php?rest_route=\/wp\/v2\/pages\/12162","targetHints":{"allow":["GET"]}}],"collection":[{"href":"https:\/\/consultoria.anzoategui.gob.ve\/index.php?rest_route=\/wp\/v2\/pages"}],"about":[{"href":"https:\/\/consultoria.anzoategui.gob.ve\/index.php?rest_route=\/wp\/v2\/types\/page"}],"author":[{"embeddable":true,"href":"https:\/\/consultoria.anzoategui.gob.ve\/index.php?rest_route=\/wp\/v2\/users\/1"}],"replies":[{"embeddable":true,"href":"https:\/\/consultoria.anzoategui.gob.ve\/index.php?rest_route=%2Fwp%2Fv2%2Fcomments&post=12162"}],"version-history":[{"count":174,"href":"https:\/\/consultoria.anzoategui.gob.ve\/index.php?rest_route=\/wp\/v2\/pages\/12162\/revisions"}],"predecessor-version":[{"id":12559,"href":"https:\/\/consultoria.anzoategui.gob.ve\/index.php?rest_route=\/wp\/v2\/pages\/12162\/revisions\/12559"}],"wp:attachment":[{"href":"https:\/\/consultoria.anzoategui.gob.ve\/index.php?rest_route=%2Fwp%2Fv2%2Fmedia&parent=12162"}],"curies":[{"name":"wp","href":"https:\/\/api.w.org\/{rel}","templated":true}]}}