{"id":11846,"date":"2025-08-11T16:48:26","date_gmt":"2025-08-11T20:48:26","guid":{"rendered":"https:\/\/consultoria.anzoategui.gob.ve\/?page_id=11846"},"modified":"2025-08-11T16:48:27","modified_gmt":"2025-08-11T20:48:27","slug":"entes-descentralizados-funcionalmente-sin-fines-empresariales","status":"publish","type":"page","link":"https:\/\/consultoria.anzoategui.gob.ve\/?page_id=11846","title":{"rendered":"ENTES DESCENTRALIZADOS FUNCIONALMENTE SIN FINES EMPRESARIALES"},"content":{"rendered":"\n<p><\/p>\n\n\n\n<p><strong>Ley Org\u00e1nica de la Administraci\u00f3n Financiera del Sector P\u00fablico. Gaceta Oficial de la Rep\u00fablica Bolivariana de Venezuela N\u00b0 6.210 Extraordinario de fecha 30 de diciembre de 2015<\/strong>.<\/p>\n\n\n\n<p>\u201c<strong>Art\u00edculo 6<\/strong>. A los efectos de la aplicaci\u00f3n de este Decreto con Rango, Valor y Fuerza de Ley, se entiende: (\u2026). 1. <strong><em>Entes descentralizados funcionalmente sin fines empresariales<\/em><\/strong><em>, aquellos sujetos que para adquirir personalidad jur\u00eddica <strong><u>no requieren la inscripci\u00f3n del documento constitutivo en el Registro Mercantil<\/u><\/strong>, que pueden recibir asignaciones en la Ley de Presupuesto anual. Asimismo, <strong><u>los servicios desconcentrados sin personalidad jur\u00eddica, se consideran entes descentralizados funcionalmente sin fines empresariales a los SOLOS EFECTOS del proceso presupuestario<\/u><\/strong><u>,<\/u> en el entendido que su r\u00e9gimen contable es com\u00fan con el \u00f3rgano de la Rep\u00fablica del cual forman parte.\u201d<\/em><\/p>\n\n\n\n<p><strong>Ley de la Administraci\u00f3n Financiera del Sector P\u00fablico del estado Anzo\u00e1tegui. Gaceta Oficial del estado Anzo\u00e1tegui N\u00b0 (1112) Extraordinario de fecha 30 de diciembre de 2014<\/strong>.<\/p>\n\n\n\n<p>\u201c<strong>Art\u00edculo 11<\/strong>. A los efectos de la aplicaci\u00f3n de esta Ley, se se\u00f1alan las siguientes definiciones (\u2026). <strong>2<\/strong>. <strong><em>Entes descentralizados funcionalmente sin fines empresariales: <\/em><\/strong><em>los se\u00f1alados en los numerales 5 (Institutos Aut\u00f3nomos adscritos al Ejecutivo del estado Anzo\u00e1tegui), 6 (Personas de derecho p\u00fablico del estado Anzo\u00e1tegui) y 9 (Las fundaciones, asociaciones civiles) del art\u00edculo 7, que <strong><u>no realizan<\/u><\/strong> actividades de producci\u00f3n de bienes o servicios destinados a la venta y cuyos ingresos o recursos provengan fundamentalmente del presupuesto de la Rep\u00fablica\u201d.<\/em><\/p>\n\n\n\n<figure class=\"wp-block-table\"><table class=\"has-fixed-layout\"><tbody><tr><td><strong>INSTITUTOS AUT\u00d3NOMOS<\/strong><\/td><td><strong>FUNDACIONES<\/strong><\/td><\/tr><tr><td>CORANZTUR<\/td><td>FASGANZ<\/td><\/tr><tr><td>INSOTRANZ<\/td><td>FUNDAR<\/td><\/tr><tr><td>SEVIGEA<\/td><td>FUNCAZ<\/td><\/tr><tr><td>IASPI<\/td><td>&nbsp;<\/td><\/tr><tr><td>IDANZ<\/td><td>&nbsp;<\/td><\/tr><tr><td>IDEANZ<\/td><td>&nbsp;<\/td><\/tr><tr><td>IEMA<\/td><td>&nbsp;<\/td><\/tr><tr><td>POLIBANZ<\/td><td>&nbsp;<\/td><\/tr><tr><td>SALUDANZ<\/td><td>&nbsp;<\/td><\/tr><tr><td>SIGRAED<\/td><td>&nbsp;<\/td><\/tr><tr><td>LOTER\u00cdA DE ANZO\u00c1TEGUI<\/td><td>&nbsp;<\/td><\/tr><\/tbody><\/table><\/figure>\n","protected":false},"excerpt":{"rendered":"<p>Ley Org\u00e1nica de la Administraci\u00f3n Financiera del Sector P\u00fablico. Gaceta Oficial de la Rep\u00fablica Bolivariana de Venezuela N\u00b0 6.210 Extraordinario de fecha 30 de diciembre de 2015. \u201cArt\u00edculo 6. A los efectos de la aplicaci\u00f3n de este Decreto con Rango, Valor y Fuerza de Ley, se entiende: (\u2026). 1. Entes descentralizados funcionalmente sin fines empresariales, &hellip;<\/p>\n","protected":false},"author":1,"featured_media":0,"parent":0,"menu_order":0,"comment_status":"closed","ping_status":"closed","template":"","meta":{"_monsterinsights_skip_tracking":false,"_monsterinsights_sitenote_active":false,"_monsterinsights_sitenote_note":"","_monsterinsights_sitenote_category":0,"footnotes":""},"class_list":["post-11846","page","type-page","status-publish","hentry"],"_links":{"self":[{"href":"https:\/\/consultoria.anzoategui.gob.ve\/index.php?rest_route=\/wp\/v2\/pages\/11846","targetHints":{"allow":["GET"]}}],"collection":[{"href":"https:\/\/consultoria.anzoategui.gob.ve\/index.php?rest_route=\/wp\/v2\/pages"}],"about":[{"href":"https:\/\/consultoria.anzoategui.gob.ve\/index.php?rest_route=\/wp\/v2\/types\/page"}],"author":[{"embeddable":true,"href":"https:\/\/consultoria.anzoategui.gob.ve\/index.php?rest_route=\/wp\/v2\/users\/1"}],"replies":[{"embeddable":true,"href":"https:\/\/consultoria.anzoategui.gob.ve\/index.php?rest_route=%2Fwp%2Fv2%2Fcomments&post=11846"}],"version-history":[{"count":1,"href":"https:\/\/consultoria.anzoategui.gob.ve\/index.php?rest_route=\/wp\/v2\/pages\/11846\/revisions"}],"predecessor-version":[{"id":11847,"href":"https:\/\/consultoria.anzoategui.gob.ve\/index.php?rest_route=\/wp\/v2\/pages\/11846\/revisions\/11847"}],"wp:attachment":[{"href":"https:\/\/consultoria.anzoategui.gob.ve\/index.php?rest_route=%2Fwp%2Fv2%2Fmedia&parent=11846"}],"curies":[{"name":"wp","href":"https:\/\/api.w.org\/{rel}","templated":true}]}}