{"id":11841,"date":"2025-08-11T16:42:35","date_gmt":"2025-08-11T20:42:35","guid":{"rendered":"https:\/\/consultoria.anzoategui.gob.ve\/?page_id=11841"},"modified":"2025-08-11T16:42:37","modified_gmt":"2025-08-11T20:42:37","slug":"organos-desconcentrados","status":"publish","type":"page","link":"https:\/\/consultoria.anzoategui.gob.ve\/?page_id=11841","title":{"rendered":"\u00d3RGANOS DESCONCENTRADOS"},"content":{"rendered":"\n<p><strong>Ley de Administraci\u00f3n P\u00fablica del estado Anzo\u00e1tegui. Gaceta Oficial del estado Anzo\u00e1tegui N\u00b0 (87) Extraordinario de fecha 23 de diciembre de 2015.<\/strong><\/p>\n\n\n\n<p><strong>\u201c<em>Art\u00edculo 88.<\/em><\/strong> <em>La Gobernadora o Gobernador del Estado, podr\u00e1 crear \u00f3rganos con car\u00e1cter de servicios desconcentrados sin personalidad jur\u00eddica, u otorgar tal car\u00e1cter a \u00f3rganos existentes con el prop\u00f3sito <strong>de obtener recursos propios para ser afectados a la prestaci\u00f3n de un servicio<\/strong>. <strong><u>S\u00f3lo<\/u><\/strong> podr\u00e1 otorgarse el car\u00e1cter de servicio desconcentrado en aquellos casos de prestaci\u00f3n de servicios a cargo del Estado <strong>que permitan, efectivamente, la captaci\u00f3n de ingresos<\/strong>. Los referidos servicios son \u00f3rganos que depender\u00e1n jer\u00e1rquicamente del \u00f3rgano o ente que determine el decreto respectivo.\u201d<\/em><\/p>\n\n\n\n<ol class=\"wp-block-list\">\n<li>Servicio de Administraci\u00f3n Tributaria del Estado Anzo\u00e1tegui (SAT-ANZO\u00c1TEGUI).<\/li>\n\n\n\n<li>Terminal Metropolitano de Transporte Extra Urbano de Pasajeros \u201cCLETO QUIJADA\u201d.<\/li>\n<\/ol>\n","protected":false},"excerpt":{"rendered":"<p>Ley de Administraci\u00f3n P\u00fablica del estado Anzo\u00e1tegui. Gaceta Oficial del estado Anzo\u00e1tegui N\u00b0 (87) Extraordinario de fecha 23 de diciembre de 2015. \u201cArt\u00edculo 88. La Gobernadora o Gobernador del Estado, podr\u00e1 crear \u00f3rganos con car\u00e1cter de servicios desconcentrados sin personalidad jur\u00eddica, u otorgar tal car\u00e1cter a \u00f3rganos existentes con el prop\u00f3sito de obtener recursos propios &hellip;<\/p>\n","protected":false},"author":1,"featured_media":0,"parent":0,"menu_order":0,"comment_status":"closed","ping_status":"closed","template":"","meta":{"_monsterinsights_skip_tracking":false,"_monsterinsights_sitenote_active":false,"_monsterinsights_sitenote_note":"","_monsterinsights_sitenote_category":0,"footnotes":""},"class_list":["post-11841","page","type-page","status-publish","hentry"],"_links":{"self":[{"href":"https:\/\/consultoria.anzoategui.gob.ve\/index.php?rest_route=\/wp\/v2\/pages\/11841","targetHints":{"allow":["GET"]}}],"collection":[{"href":"https:\/\/consultoria.anzoategui.gob.ve\/index.php?rest_route=\/wp\/v2\/pages"}],"about":[{"href":"https:\/\/consultoria.anzoategui.gob.ve\/index.php?rest_route=\/wp\/v2\/types\/page"}],"author":[{"embeddable":true,"href":"https:\/\/consultoria.anzoategui.gob.ve\/index.php?rest_route=\/wp\/v2\/users\/1"}],"replies":[{"embeddable":true,"href":"https:\/\/consultoria.anzoategui.gob.ve\/index.php?rest_route=%2Fwp%2Fv2%2Fcomments&post=11841"}],"version-history":[{"count":1,"href":"https:\/\/consultoria.anzoategui.gob.ve\/index.php?rest_route=\/wp\/v2\/pages\/11841\/revisions"}],"predecessor-version":[{"id":11843,"href":"https:\/\/consultoria.anzoategui.gob.ve\/index.php?rest_route=\/wp\/v2\/pages\/11841\/revisions\/11843"}],"wp:attachment":[{"href":"https:\/\/consultoria.anzoategui.gob.ve\/index.php?rest_route=%2Fwp%2Fv2%2Fmedia&parent=11841"}],"curies":[{"name":"wp","href":"https:\/\/api.w.org\/{rel}","templated":true}]}}