{"id":11826,"date":"2025-07-30T19:31:38","date_gmt":"2025-07-30T23:31:38","guid":{"rendered":"https:\/\/consultoria.anzoategui.gob.ve\/?page_id=11826"},"modified":"2025-08-11T16:47:44","modified_gmt":"2025-08-11T20:47:44","slug":"informacion-importante-de","status":"publish","type":"page","link":"https:\/\/consultoria.anzoategui.gob.ve\/?page_id=11826","title":{"rendered":"ENTES DESCENTRALIZADOS FUNCIONALMENTE CON FINES EMPRESARIALES"},"content":{"rendered":"\n<p><\/p>\n\n\n\n<p><strong>Ley Org\u00e1nica de la Administraci\u00f3n Financiera del Sector P\u00fablico. Gaceta Oficial de la Rep\u00fablica Bolivariana de Venezuela N\u00b0 6.210 Extraordinario de fecha 30 de diciembre de 2015<\/strong>.<\/p>\n\n\n\n<p>\u201c<strong>Art\u00edculo 6<\/strong>. A los efectos de la aplicaci\u00f3n de este Decreto con Rango, Valor y Fuerza de Ley, se entiende: (\u2026). 2. <strong><em>Entes descentralizados funcionalmente con fines empresariales<\/em><\/strong>, aquellos sujetos que adquieran personalidad jur\u00eddica con la inscripci\u00f3n del documento constitutivo en el <strong><em>Registro Mercantil<\/em><\/strong>, cuyo capital est\u00e9 integrado por aportes realizados por los sujetos a quienes se refiere el art\u00edculo anterior, en los t\u00e9rminos y condiciones previstos en este Decreto con Rango, Valor y Fuerza de Ley.\u201d.<\/p>\n\n\n\n<p><strong>Ley de la Administraci\u00f3n Financiera del Sector P\u00fablico del estado Anzo\u00e1tegui. Gaceta Oficial del estado Anzo\u00e1tegui N\u00b0 (1112) Extraordinario de fecha 30 de diciembre de 2014<\/strong>.<\/p>\n\n\n\n<p>\u201c<strong>Art\u00edculo 11<\/strong>. A los efectos de la aplicaci\u00f3n de esta Ley, se se\u00f1alan las siguientes definiciones (\u2026). <strong>3<\/strong>. <strong><em>Entes descentralizados con fines empresariales<\/em><\/strong> <em>aquellos cuya actividad principal es la producci\u00f3n de bienes o servicios destinados a la venta y cuyos ingresos o recursos, provengan fundamentalmente de su actividad.\u201d<\/em><\/p>\n\n\n\n<p>Dentro de este contexto son entes descentralizados funcionalmente con fines empresariales:<\/p>\n\n\n\n<ol class=\"wp-block-list\">\n<li>CAUPOCA<\/li>\n\n\n\n<li>CORDAGRO<\/li>\n\n\n\n<li>COPESCA<\/li>\n\n\n\n<li>CORPORACI\u00d3N DE HIDROCARBUROS<\/li>\n\n\n\n<li>CORPOMINAS<\/li>\n\n\n\n<li>CORPOVANZ<\/li>\n\n\n\n<li>CORPROCA<\/li>\n\n\n\n<li>COVINEA<\/li>\n\n\n\n<li>CREANZ<\/li>\n\n\n\n<li>ECO-ANZO\u00c1TEGUI<\/li>\n\n\n\n<li>EGIDSA<\/li>\n\n\n\n<li>EMPRENDIMIENTO<\/li>\n\n\n\n<li>MI PATRIA QUERIDA<\/li>\n\n\n\n<li>PROANZO\u00c1TEGUI<\/li>\n\n\n\n<li>SOCIEDAD DE GARANT\u00cdAS REC\u00cdPROCAS<\/li>\n\n\n\n<li>VIANZ<\/li>\n\n\n\n<li>CASA DE REPRESENTACI\u00d3N<\/li>\n<\/ol>\n\n\n\n<p><\/p>\n\n\n\n<p><\/p>\n\n\n\n<p><\/p>\n","protected":false},"excerpt":{"rendered":"<p>Ley Org\u00e1nica de la Administraci\u00f3n Financiera del Sector P\u00fablico. Gaceta Oficial de la Rep\u00fablica Bolivariana de Venezuela N\u00b0 6.210 Extraordinario de fecha 30 de diciembre de 2015. \u201cArt\u00edculo 6. A los efectos de la aplicaci\u00f3n de este Decreto con Rango, Valor y Fuerza de Ley, se entiende: (\u2026). 2. Entes descentralizados funcionalmente con fines empresariales, &hellip;<\/p>\n","protected":false},"author":1,"featured_media":0,"parent":0,"menu_order":0,"comment_status":"closed","ping_status":"closed","template":"","meta":{"_monsterinsights_skip_tracking":false,"_monsterinsights_sitenote_active":false,"_monsterinsights_sitenote_note":"","_monsterinsights_sitenote_category":0,"footnotes":""},"class_list":["post-11826","page","type-page","status-publish","hentry"],"_links":{"self":[{"href":"https:\/\/consultoria.anzoategui.gob.ve\/index.php?rest_route=\/wp\/v2\/pages\/11826","targetHints":{"allow":["GET"]}}],"collection":[{"href":"https:\/\/consultoria.anzoategui.gob.ve\/index.php?rest_route=\/wp\/v2\/pages"}],"about":[{"href":"https:\/\/consultoria.anzoategui.gob.ve\/index.php?rest_route=\/wp\/v2\/types\/page"}],"author":[{"embeddable":true,"href":"https:\/\/consultoria.anzoategui.gob.ve\/index.php?rest_route=\/wp\/v2\/users\/1"}],"replies":[{"embeddable":true,"href":"https:\/\/consultoria.anzoategui.gob.ve\/index.php?rest_route=%2Fwp%2Fv2%2Fcomments&post=11826"}],"version-history":[{"count":5,"href":"https:\/\/consultoria.anzoategui.gob.ve\/index.php?rest_route=\/wp\/v2\/pages\/11826\/revisions"}],"predecessor-version":[{"id":11845,"href":"https:\/\/consultoria.anzoategui.gob.ve\/index.php?rest_route=\/wp\/v2\/pages\/11826\/revisions\/11845"}],"wp:attachment":[{"href":"https:\/\/consultoria.anzoategui.gob.ve\/index.php?rest_route=%2Fwp%2Fv2%2Fmedia&parent=11826"}],"curies":[{"name":"wp","href":"https:\/\/api.w.org\/{rel}","templated":true}]}}