{"id":11022,"date":"2025-01-23T17:01:31","date_gmt":"2025-01-23T21:01:31","guid":{"rendered":"https:\/\/consultoria.anzoategui.gob.ve\/?page_id=11022"},"modified":"2026-03-23T10:17:19","modified_gmt":"2026-03-23T14:17:19","slug":"gacetas-oficiales-del-estado-anzoategui-ano-2022","status":"publish","type":"page","link":"https:\/\/consultoria.anzoategui.gob.ve\/?page_id=11022","title":{"rendered":"GACETAS OFICIALES DEL ESTADO ANZO\u00c1TEGUI A\u00d1O 2022"},"content":{"rendered":"\t\t<div data-elementor-type=\"wp-page\" data-elementor-id=\"11022\" class=\"elementor elementor-11022\">\n\t\t\t\t\t\t\t<div class=\"elementor-element elementor-element-57183c57 e-flex e-con-boxed e-con e-parent\" data-id=\"57183c57\" data-element_type=\"container\" data-settings=\"{&quot;content_width&quot;:&quot;boxed&quot;}\" data-core-v316-plus=\"true\">\n\t\t\t\t\t<div class=\"e-con-inner\">\n\t\t\t\t<div class=\"elementor-element elementor-element-ea7eab4 elementor-widget elementor-widget-heading\" data-id=\"ea7eab4\" data-element_type=\"widget\" data-widget_type=\"heading.default\">\n\t\t\t\t<div class=\"elementor-widget-container\">\n\t\t\t<style>\/*! elementor - v3.18.0 - 20-12-2023 *\/\n.elementor-heading-title{padding:0;margin:0;line-height:1}.elementor-widget-heading .elementor-heading-title[class*=elementor-size-]>a{color:inherit;font-size:inherit;line-height:inherit}.elementor-widget-heading .elementor-heading-title.elementor-size-small{font-size:15px}.elementor-widget-heading .elementor-heading-title.elementor-size-medium{font-size:19px}.elementor-widget-heading .elementor-heading-title.elementor-size-large{font-size:29px}.elementor-widget-heading .elementor-heading-title.elementor-size-xl{font-size:39px}.elementor-widget-heading .elementor-heading-title.elementor-size-xxl{font-size:59px}<\/style><span class=\"elementor-heading-title elementor-size-default\">Las Gacetas Oficiales, bien sea de la Rep\u00fablica Bolivariana de Venezuela o del estado Anzo\u00e1tegui, fungen como per\u00edodico oficial, donde se publican para que surtan todos sus efectos legales, las leyes, los actos administrativos de efectos generales y de efectos particulares que las respectivas leyes as\u00ed lo ordenen; estos actos son emanados de la Administraci\u00f3n P\u00fablica, entendida \u00e9sta en sentido general (Poder Ejecutivo, Poder Legislativo, Poder Judicial, Poder Electoral y Poder Moral). Tiene una clasificaci\u00f3n, a saber: Extraordinarias y Ordinarias.\n<br><br>\n<i><u>NOTA: Las gacetas que no aparecen publicadas en esta p\u00e1gina, las mismas sean solicitadas en la Secretar\u00eda General de Gobierno, por cuanto emanan de otros entes.<\/u><\/i><\/span>\t\t<\/div>\n\t\t\t\t<\/div>\n\t\t\t\t\t<\/div>\n\t\t\t\t<\/div>\n\t\t<div class=\"elementor-element elementor-element-3ca5fe4 e-con-full e-flex e-con e-parent\" data-id=\"3ca5fe4\" data-element_type=\"container\" data-settings=\"{&quot;content_width&quot;:&quot;full&quot;}\" data-core-v316-plus=\"true\">\n\t\t\t\t<div class=\"elementor-element elementor-element-59f7226 elementor-tabs-view-horizontal elementor-widget elementor-widget-tabs\" data-id=\"59f7226\" data-element_type=\"widget\" data-widget_type=\"tabs.default\">\n\t\t\t\t<div class=\"elementor-widget-container\">\n\t\t\t<style>\/*! elementor - v3.18.0 - 20-12-2023 *\/\n.elementor-widget-tabs.elementor-tabs-view-vertical .elementor-tabs-wrapper{width:25%;flex-shrink:0}.elementor-widget-tabs.elementor-tabs-view-vertical .elementor-tab-desktop-title.elementor-active{border-right-style:none}.elementor-widget-tabs.elementor-tabs-view-vertical .elementor-tab-desktop-title.elementor-active:after,.elementor-widget-tabs.elementor-tabs-view-vertical .elementor-tab-desktop-title.elementor-active:before{height:999em;width:0;right:0;border-right-style:solid}.elementor-widget-tabs.elementor-tabs-view-vertical .elementor-tab-desktop-title.elementor-active:before{top:0;transform:translateY(-100%)}.elementor-widget-tabs.elementor-tabs-view-vertical .elementor-tab-desktop-title.elementor-active:after{top:100%}.elementor-widget-tabs.elementor-tabs-view-horizontal .elementor-tab-desktop-title{display:table-cell}.elementor-widget-tabs.elementor-tabs-view-horizontal .elementor-tab-desktop-title.elementor-active{border-bottom-style:none}.elementor-widget-tabs.elementor-tabs-view-horizontal .elementor-tab-desktop-title.elementor-active:after,.elementor-widget-tabs.elementor-tabs-view-horizontal .elementor-tab-desktop-title.elementor-active:before{bottom:0;height:0;width:999em;border-bottom-style:solid}.elementor-widget-tabs.elementor-tabs-view-horizontal .elementor-tab-desktop-title.elementor-active:before{right:100%}.elementor-widget-tabs.elementor-tabs-view-horizontal .elementor-tab-desktop-title.elementor-active:after{left:100%}.elementor-widget-tabs .elementor-tab-content,.elementor-widget-tabs .elementor-tab-title,.elementor-widget-tabs .elementor-tab-title:after,.elementor-widget-tabs .elementor-tab-title:before,.elementor-widget-tabs .elementor-tabs-content-wrapper{border:1px #d5d8dc}.elementor-widget-tabs .elementor-tabs{text-align:left}.elementor-widget-tabs .elementor-tabs-wrapper{overflow:hidden}.elementor-widget-tabs .elementor-tab-title{cursor:pointer;outline:var(--focus-outline,none)}.elementor-widget-tabs .elementor-tab-desktop-title{position:relative;padding:20px 25px;font-weight:700;line-height:1;border:solid transparent}.elementor-widget-tabs .elementor-tab-desktop-title.elementor-active{border-color:#d5d8dc}.elementor-widget-tabs .elementor-tab-desktop-title.elementor-active:after,.elementor-widget-tabs .elementor-tab-desktop-title.elementor-active:before{display:block;content:\"\";position:absolute}.elementor-widget-tabs .elementor-tab-desktop-title:focus-visible{border:1px solid #000}.elementor-widget-tabs .elementor-tab-mobile-title{padding:10px;cursor:pointer}.elementor-widget-tabs .elementor-tab-content{padding:20px;display:none}@media (max-width:767px){.elementor-tabs .elementor-tab-content,.elementor-tabs .elementor-tab-title{border-style:solid solid none}.elementor-tabs .elementor-tabs-wrapper{display:none}.elementor-tabs .elementor-tabs-content-wrapper{border-bottom-style:solid}.elementor-tabs .elementor-tab-content{padding:10px}}@media (min-width:768px){.elementor-widget-tabs.elementor-tabs-view-vertical .elementor-tabs{display:flex}.elementor-widget-tabs.elementor-tabs-view-vertical .elementor-tabs-wrapper{flex-direction:column}.elementor-widget-tabs.elementor-tabs-view-vertical .elementor-tabs-content-wrapper{flex-grow:1;border-style:solid solid solid none}.elementor-widget-tabs.elementor-tabs-view-horizontal .elementor-tab-content{border-style:none solid solid}.elementor-widget-tabs.elementor-tabs-alignment-center .elementor-tabs-wrapper,.elementor-widget-tabs.elementor-tabs-alignment-end .elementor-tabs-wrapper,.elementor-widget-tabs.elementor-tabs-alignment-stretch .elementor-tabs-wrapper{display:flex}.elementor-widget-tabs.elementor-tabs-alignment-center .elementor-tabs-wrapper{justify-content:center}.elementor-widget-tabs.elementor-tabs-alignment-end .elementor-tabs-wrapper{justify-content:flex-end}.elementor-widget-tabs.elementor-tabs-alignment-stretch.elementor-tabs-view-horizontal .elementor-tab-title{width:100%}.elementor-widget-tabs.elementor-tabs-alignment-stretch.elementor-tabs-view-vertical .elementor-tab-title{height:100%}.elementor-tabs .elementor-tab-mobile-title{display:none}}<\/style>\t\t<div class=\"elementor-tabs\">\n\t\t\t<div class=\"elementor-tabs-wrapper\" role=\"tablist\" >\n\t\t\t\t\t\t\t\t\t<div id=\"elementor-tab-title-9431\" class=\"elementor-tab-title elementor-tab-desktop-title\" aria-selected=\"true\" data-tab=\"1\" role=\"tab\" tabindex=\"0\" aria-controls=\"elementor-tab-content-9431\" aria-expanded=\"false\">Extraordinarias<\/div>\n\t\t\t\t\t\t\t\t\t<div id=\"elementor-tab-title-9432\" class=\"elementor-tab-title elementor-tab-desktop-title\" aria-selected=\"false\" data-tab=\"2\" role=\"tab\" tabindex=\"-1\" aria-controls=\"elementor-tab-content-9432\" aria-expanded=\"false\">Ordinarias<\/div>\n\t\t\t\t\t\t\t<\/div>\n\t\t\t<div class=\"elementor-tabs-content-wrapper\" role=\"tablist\" aria-orientation=\"vertical\">\n\t\t\t\t\t\t\t\t\t<div class=\"elementor-tab-title elementor-tab-mobile-title\" aria-selected=\"true\" data-tab=\"1\" role=\"tab\" tabindex=\"0\" aria-controls=\"elementor-tab-content-9431\" aria-expanded=\"false\">Extraordinarias<\/div>\n\t\t\t\t\t<div id=\"elementor-tab-content-9431\" class=\"elementor-tab-content elementor-clearfix\" data-tab=\"1\" role=\"tabpanel\" aria-labelledby=\"elementor-tab-title-9431\" tabindex=\"0\" hidden=\"false\"><p>Las gacetas extraordinarias se publican de manera eventual, cuando surgen contingencias, situaciones extraordinarias o de importancia nacional que no son producto de la actividad cotidiana de la Administraci\u00f3n.<\/p><ul><li><a href=\"https:\/\/consultoria.anzoategui.gob.ve\/wp-content\/uploads\/2025\/01\/Extraordinario-03-Decreto-N03.pdf\" target=\"_blank\" rel=\"noopener\">GACETA OFICIAL N\u00ba 03 EXT &#8211; DECRETO 03 NOMBRAMIENTO DEL PRESIDENTE DE LA CORPORACI\u00d3N DE MINAS.<\/a><\/li><li><a href=\"https:\/\/consultoria.anzoategui.gob.ve\/wp-content\/uploads\/2025\/01\/G.O.-06-EXT-2022.pdf\" target=\"_blank\" rel=\"noopener\">GACETA OFICIAL N\u00ba 06 EXT &#8211; DECRETO 05 NOMBRAMIENTO DE RICARDO DIAZ COMO PROCURADOR DEL ESTADO.<\/a><\/li><li><a href=\"https:\/\/consultoria.anzoategui.gob.ve\/wp-content\/uploads\/2025\/10\/DECRETO-N\u00b006.EXT-07-DESIGNACION-DEL-SUB-PROCURADOR-GENERAL-DEL-ESTADO-RAMON-JOSE-PONCE.pdf\" target=\"_blank\" rel=\"noopener\">GACETA OFICIAL N\u00ba 07 EXT &#8211; DECRETO 06 NOMBRAMIENTO DE RAM\u00d3N JOS\u00c9 PONCE SUB-PROCURADOR DEL ESTADO.<\/a><\/li><li><a href=\"https:\/\/consultoria.anzoategui.gob.ve\/wp-content\/uploads\/2025\/01\/G.O-08-2022.pdf\" target=\"_blank\" rel=\"noopener\">GACETA OFICIAL N\u00ba 08 EXT &#8211; DECRETO 07 DESIGNACI\u00d3N DE CONTRATACIONES P\u00daBLICAS TEMPORAL.<\/a><\/li><li><a href=\"https:\/\/consultoria.anzoategui.gob.ve\/wp-content\/uploads\/2025\/01\/G.O-EXT-10-DECRETO-09.pdf\" target=\"_blank\" rel=\"noopener\">GACETA OFICIAL N\u00ba 10 EXT &#8211; DECRETO 09 SE CREA VIAS DE ANZO\u00c1TEGUI, VIANZ.<\/a><\/li><li><a href=\"https:\/\/consultoria.anzoategui.gob.ve\/wp-content\/uploads\/2025\/01\/G.O-EXT-11-DECRETO-10-2022.pdf\" target=\"_blank\" rel=\"noopener\">GACETA OFICIAL N\u00ba 11 EXT &#8211; DECRETO 10 DESIGNACI\u00d3N DE SUPERINTENDENTE TRIBUTARIO DE ANZO\u00c1TEGUI.<\/a><\/li><li><a href=\"https:\/\/consultoria.anzoategui.gob.ve\/wp-content\/uploads\/2025\/07\/ley_condecoracion_simon_rodriguez.pdf\" target=\"_blank\" rel=\"noopener\">GACETA OFICIAL N\u00ba 13 EXT\u00a0 &#8211; LEY CONDECORACI\u00d3N &#8220;MAESTRO SIM\u00d3N RODR\u00cdGUEZ&#8221;.<\/a><\/li><li><a href=\"https:\/\/consultoria.anzoategui.gob.ve\/wp-content\/uploads\/2025\/02\/G.O-EXT-18.pdf\" target=\"_blank\" rel=\"noopener\">GACETA OFICIAL N\u00ba 18 EXT &#8211; DECRETO 15 PROHIBICI\u00d3N DE TRASLADO Y DISTRIBUCI\u00d3N DE MATERIAL ESTRAT\u00c9GICO SIN LA GUIA DE MOVILIZACI\u00d3N DE CORPOEZ.<\/a><\/li><li>GACETA OFICIAL N\u00ba 26 EXT &#8211; LEY SOBRE MINERALES NO MET\u00c1LICOS DEL ESTADO ANZO\u00c1TEGUI.<\/li><li><a href=\"https:\/\/consultoria.anzoategui.gob.ve\/wp-content\/uploads\/2026\/03\/Extraordinario-27-comprimido.pdf\" target=\"_blank\" rel=\"noopener\">GACETA OFICIAL N\u00ba 27 EXT &#8211; LEY PARA LA CONSOLIDACI\u00d3N DE LOS CENTROS COMUNALES DE LA MUJER EN EL ESTADO ANZO\u00c1TEGUI.<\/a><\/li><li><a href=\"https:\/\/consultoria.anzoategui.gob.ve\/wp-content\/uploads\/2025\/10\/DECRETO-N\u00b0-31-EXT-37-DESIGNACION-DE-LA-JUNTA-DIRECTIVA-DE-VIANZ-.2022.pdf\" target=\"_blank\" rel=\"noopener\">GACETA OFICIAL N\u00ba 37 EXT &#8211; DECRETO 31 DESIGNACI\u00d3N DE LA JUNTA DIRECTIVA DE VIAS DE ANZO\u00c1TEGUI, S.A. (VIANZ).<\/a><\/li><li><a href=\"https:\/\/consultoria.anzoategui.gob.ve\/wp-content\/uploads\/2025\/01\/Decreto-N.-32-Extraordinario-N.-39.pdf\" target=\"_blank\" rel=\"noopener\">GACETA OFICIAL N\u00ba 39 EXT &#8211; DECRETO 32 SE CREA LA EMPRESA PROANZO\u00c1TEGUI, S.A..<\/a><\/li><li><a href=\"https:\/\/consultoria.anzoategui.gob.ve\/wp-content\/uploads\/2025\/01\/Extraordinario-N.-40-Decretado-N.33.pdf\" target=\"_blank\" rel=\"noopener\">GACETA OFICIAL N\u00ba 40 EXT &#8211; DECRETO 33 SE DESIGNA LA COMISI\u00d3N DE CONTRATACIONES P\u00daBLICAS.<\/a><\/li><li><a href=\"https:\/\/consultoria.anzoategui.gob.ve\/wp-content\/uploads\/2025\/01\/Extraordinario-N.-43-Decreto-N.-35-1.pdf\" target=\"_blank\" rel=\"noopener\">GACETA OFICIAL N\u00ba 43 EXT &#8211; DECRETO 35 SE DESIGNA LA PRESIDENTA DE PUEBLOS IND\u00cdGENAS.<\/a><\/li><li><a href=\"https:\/\/consultoria.anzoategui.gob.ve\/wp-content\/uploads\/2025\/01\/Extraordinario-N.-44-Decreto-N.-36.pdf\" target=\"_blank\" rel=\"noopener\">GACETA OFICIAL N\u00ba 44 EXT &#8211; DECRETO 36 SE DESIGNAN LOS JEFES Y JEFAS DE GABINETES SECTORIALES.<\/a><\/li><li><a href=\"https:\/\/consultoria.anzoategui.gob.ve\/wp-content\/uploads\/2025\/01\/Decreto-N.-38-Extraordinario-N.-46-1.pdf\" target=\"_blank\" rel=\"noopener\">GACETA OFICIAL N\u00ba 46 EXT &#8211; DECRETO 38 SE DEROGAR Y DESIGNAR NUEVO SUPERINTENDENTE DE SAT-ANZO\u00c1TEGUI.<\/a><\/li><li><a href=\"https:\/\/consultoria.anzoategui.gob.ve\/wp-content\/uploads\/2025\/01\/Extraordinario-N.-49-Decreto-N.-40-ano-2022.pdf\" target=\"_blank\" rel=\"noopener\">GACETA OFICIAL N\u00ba 49 EXT &#8211; DECRETO 40 SE DECLARA ACTIVAR EL SISTEMA DE ALERTA TEMPRANA EN EL ESTADO ANZO\u00c1TEGUI.<\/a><\/li><li><a href=\"https:\/\/consultoria.anzoategui.gob.ve\/wp-content\/uploads\/2025\/01\/Extraordinario-N.-50-Decreto-N.-41-Ano-2022-1.pdf\" target=\"_blank\" rel=\"noopener\">GACETA OFICIAL N\u00ba 50 EXT &#8211; DECRETO 41 SE DICTA EL REGLAMENTO ESPECIAL QUE ESTABLECE EL PROCEDIMIENTO Y REQUISITO PARA LA DETERMINACI\u00d3N Y PAGO DE OBVENCIONES A LOS FUNCIONARIOS ADSCRITOS A SAT-ANZO\u00c1TEGUI.<\/a><\/li><li><a href=\"https:\/\/consultoria.anzoategui.gob.ve\/wp-content\/uploads\/2025\/01\/Extraordinario-N.-53-Decreto-N.-44-ano-2022.pdf\" target=\"_blank\" rel=\"noopener\">GACETA OFICIAL N\u00ba 53 EXT &#8211; DECRETO 44 SE DISIGNAN LOS MIEMBROS DE LA JUNTA DIRECTIVA DE LA CORPORACI\u00d3N AV\u00cdCOLA DEL ESTADO ANZO\u00c1TEGUI C.A. (CORPAVANZ).<\/a><\/li><li><a href=\"https:\/\/consultoria.anzoategui.gob.ve\/wp-content\/uploads\/2025\/01\/Extraordinario-N.54-Decreto-N.-43-ano-2022.pdf\" target=\"_blank\" rel=\"noopener\">GACETA OFICIAL N\u00ba 54 EXT &#8211; DECRETO 43 REGULARIZACI\u00d3N JUR\u00cdDICA DE LA ACTIVIDAD DE EXPLORACI\u00d3N Y COMERCIALIZACI\u00d3N NACIONAL E INTERNACIONAL DE LOS MINERALES NO MET\u00c1LICOS.<\/a><\/li><li><a href=\"https:\/\/consultoria.anzoategui.gob.ve\/wp-content\/uploads\/2025\/01\/Extraordinario-N.54-Decreto-N.-43-ano-2022.pdf\" target=\"_blank\" rel=\"noopener\">GACETA OFICIAL N\u00ba 72 EXT &#8211; LEY DEL INSTITUTO DE EMPRENDIMIENTO E INNOVACI\u00d3N DEL ESTADO ANZO\u00c1TEGUI.<\/a><\/li><li><a href=\"https:\/\/consultoria.anzoategui.gob.ve\/wp-content\/uploads\/2025\/01\/GO79EXT-2022.pdf\" target=\"_blank\" rel=\"noopener\">GACETA OFICIAL N\u00b0 79 EXT DECRETO 55 DECLARACION DE NULIDAD ABSOLUTA DE ANGEL ALFREDO MU\u00d1OZ P\u00c9REZ.<\/a><\/li><li><a href=\"https:\/\/consultoria.anzoategui.gob.ve\/wp-content\/uploads\/2025\/07\/ley_creacion_orden_earle_herrera.pdf\" target=\"_blank\" rel=\"noopener\">GACETA OFICIAL N\u00b0 102 LEY PARA LA CREACI\u00d3N DE LA ORDEN EARLE HERRERA, A LA COMUNICACI\u00d3N SOCIAL DE LOS NUEVOS TIEMPOS.<\/a><\/li><li><a href=\"https:\/\/consultoria.anzoategui.gob.ve\/wp-content\/uploads\/2025\/05\/GACETA-plantas-de-harina-125ext.pdf\" target=\"_blank\" rel=\"noopener\">GACETA OFICIAL N\u00b0 125 EXT &#8211; ENCOMIENDA CONVENIDA MINISTERIO DE ALIMENTACI\u00d3N &#8211; PLANTA PROCESADORA DE HARINA &#8211; UPSA FRANCISCO CARVAJAL.<\/a><\/li><li><a href=\"https:\/\/consultoria.anzoategui.gob.ve\/wp-content\/uploads\/2025\/01\/GO128EXT-2022.pdf\" target=\"_blank\" rel=\"noopener\">GACETA OFICIAL N\u00b0 128 EXT DECRETO 75 DESIGNACI\u00d3N DE DORIEL SALAZAR COMO PRESIDENTA DE EMPRENDIMIENTO E INNOVACI\u00d3N DEL ESTADO ANZO\u00c1TEGUI.<\/a><\/li><li><a href=\"https:\/\/consultoria.anzoategui.gob.ve\/wp-content\/uploads\/2026\/03\/Extraordinaria-133.pdf\" target=\"_blank\" rel=\"noopener\">GACETA OFICIAL N\u00b0 133 EXT\u00a0REFORMA PARCIAL DE LA LEY QUE CREA LA CONDECORACI\u00d3N &#8220;ORDEN AL M\u00c9RITO CACIQUE CAYAURIMA&#8221;.<\/a><\/li><li><a href=\"https:\/\/consultoria.anzoategui.gob.ve\/wp-content\/uploads\/2025\/01\/GO142EXT-2022.pdf\" target=\"_blank\" rel=\"noopener\">GACETA OFICIAL N\u00b0 142 EXT DECRETO 84 SISTEMA DE VI\u00c1TICOS PARA FUNCIONARIOS Y FUNCIONARIAS DE LA GOBERNACI\u00d3N DEL ESTADO ANZO\u00c1TEGUI, SUS ORGANOS Y ENTES DESCENTRALIZADOS.<\/a><\/li><li><a href=\"https:\/\/consultoria.anzoategui.gob.ve\/wp-content\/uploads\/2025\/07\/ley_condecoracion_robert_serra.pdf\" target=\"_blank\" rel=\"noopener\">GACETA OFICIAL N\u00b0 147 EXT LEY DE CONDECORACI\u00d3N ROBERT SERRA.<\/a><\/li><\/ul><ul><li><a href=\"https:\/\/consultoria.anzoategui.gob.ve\/wp-content\/uploads\/2025\/07\/ley_condecoracion_argelia_laya.pdf\" target=\"_blank\" rel=\"noopener\">GACETA OFICIAL N\u00b0 148 EXT LEY DE CONDECORACI\u00d3N ORDEN COMANDANTA &#8220;ARGELIA LAYA&#8221;.<\/a><\/li><li><a href=\"https:\/\/consultoria.anzoategui.gob.ve\/wp-content\/uploads\/2025\/07\/ley_estadal_loteria_anzoategui.pdf\" target=\"_blank\" rel=\"noopener\">GACETA OFICIAL N\u00b0 149 EXT LEY ESTADAL DE LA JUNTA DE BENEFICIENCIA P\u00daBLICA Y SOCIAL DEL ESTADO ANZO\u00c1TEGUI (LOTER\u00cdA DE ANZO\u00c1TEGUI).<\/a><\/li><\/ul><\/div>\n\t\t\t\t\t\t\t\t\t<div class=\"elementor-tab-title elementor-tab-mobile-title\" aria-selected=\"false\" data-tab=\"2\" role=\"tab\" tabindex=\"-1\" aria-controls=\"elementor-tab-content-9432\" aria-expanded=\"false\">Ordinarias<\/div>\n\t\t\t\t\t<div id=\"elementor-tab-content-9432\" class=\"elementor-tab-content elementor-clearfix\" data-tab=\"2\" role=\"tabpanel\" aria-labelledby=\"elementor-tab-title-9432\" tabindex=\"0\" hidden=\"hidden\"><p>Las gacetas ordinarias son las que se publican de manera cotidiana, de lunes a viernes producto de la actividad diaria de la Administraci\u00f3n.<\/p><ul><li><a href=\"https:\/\/consultoria.anzoategui.gob.ve\/wp-content\/uploads\/2025\/01\/GO02ORD-2022.pdf\" target=\"_blank\" rel=\"noopener\">GACETA OFICIAL N\u00ba 02 ORD &#8211; DECRETO 02 &#8211; DESIGNACI\u00d3N DE THAMARA HURTADO COMO SUB-DIRECTORA DE PLANIFICACI\u00d3N.<\/a><\/li><li><a href=\"https:\/\/consultoria.anzoategui.gob.ve\/wp-content\/uploads\/2025\/01\/G.O.-ORD-03-DECRETO-03.pdf\" target=\"_blank\" rel=\"noopener\">GACETA OFICIAL N\u00ba 03 ORD &#8211; DECRETO 03 &#8211; DESIGNACI\u00d3N DE COORDINACION DE CONTROL Y SEGUIMIENTO DE PROTOCOLO.<\/a><\/li><li><a href=\"https:\/\/consultoria.anzoategui.gob.ve\/wp-content\/uploads\/2025\/01\/G.O-Ext-08-Decreto-N-07.pdf\" target=\"_blank\" rel=\"noopener\">GACETA OFICIAL N\u00ba 08 ORD &#8211; DECRETO 07 &#8211; DESIGNACI\u00d3N DE LA COMISI\u00d3N DE CONTRATACIONES P\u00daBLICAS TEMPORAL.<\/a><\/li><li><a href=\"https:\/\/consultoria.anzoategui.gob.ve\/wp-content\/uploads\/2025\/01\/GO09ORD-2022.pdf\" target=\"_blank\" rel=\"noopener\">GACETA OFICIAL N\u00ba 09 ORD &#8211; DECRETO 09 &#8211; DESIGNACI\u00d3N DE KEYDY CHIRINO COMO PRESIDENTE DE LA CORPORACI\u00d3N DE TURISMO DEL ESTADO ANZO\u00c1TEGUI.<\/a><\/li><li><a href=\"https:\/\/consultoria.anzoategui.gob.ve\/wp-content\/uploads\/2025\/01\/G.O.-ORD-12-DECRETO-12.pdf\" target=\"_blank\" rel=\"noopener\">GACETA OFICIAL N\u00ba 12 ORD &#8211; DECRETO 12 &#8211; DESIGNACI\u00d3N DE DIRECTORA DE LA ESCUELA DE TEATRO TEOFILO LEAL.<\/a><\/li><li><a href=\"https:\/\/consultoria.anzoategui.gob.ve\/wp-content\/uploads\/2025\/01\/GO-ORD-14-DECRETO-14.pdf\" target=\"_blank\" rel=\"noopener\">GACETA OFICIAL N\u00ba 14 ORD &#8211; DECRETO 14 &#8211; DESIGNACI\u00d3N DEL SUBDIRECTOR DE CULTURA.<\/a><\/li><li><a href=\"https:\/\/consultoria.anzoategui.gob.ve\/wp-content\/uploads\/2025\/01\/GO17ORD-2022.pdf\" target=\"_blank\" rel=\"noopener\">GACETA OFICIAL N\u00ba 17 ORD &#8211; DECRETO 17 &#8211; DESIGNACI\u00d3N DE YOLIMAR LEDEZMA COMO SECRETARIA GENERAL DE GOBIERNO.<\/a><\/li><li><a href=\"https:\/\/consultoria.anzoategui.gob.ve\/wp-content\/uploads\/2025\/01\/G.O-19-ORD-2022.pdf\" target=\"_blank\" rel=\"noopener\">GACETA OFICIAL N\u00ba 19 ORD &#8211; DECRETO 19 &#8211; DESIGNACI\u00d3N DE ARLY GUARAPANA COMO AUDITOR INTERNO DE LA GOBERNACI\u00d3N.<\/a><\/li><li><a href=\"https:\/\/consultoria.anzoategui.gob.ve\/wp-content\/uploads\/2025\/01\/GO-34-ORD-2022.pdf\" target=\"_blank\" rel=\"noopener\">GACETA OFICIAL N\u00ba 34 ORD &#8211; DECRETO 30 &#8211; DESIGNACI\u00d3N DE LA AUTORIDAD \u00daNICA DE PUEBLOS IND\u00cdGENAS.<\/a><\/li><li><a href=\"https:\/\/consultoria.anzoategui.gob.ve\/wp-content\/uploads\/2025\/01\/G.O-35-ORD-2022.pdf\" target=\"_blank\" rel=\"noopener\">GACETA OFICIAL N\u00ba 35 ORD &#8211; DECRETO 34 &#8211; DELEGACI\u00d3N DE FIRMA DE LA SECRETARIA GENERAL DE GOBIERNO.<\/a><\/li><li><a href=\"https:\/\/consultoria.anzoategui.gob.ve\/wp-content\/uploads\/2025\/01\/G.O.36-ORD-2022.pdf\" target=\"_blank\" rel=\"noopener\">GACETA OFICIAL N\u00ba 36 ORD &#8211; DECRETO 32 &#8211; DESIGNACI\u00d3N DE RANIER GARC\u00cdA COMO DIRECTOR DE MISIONES SOCIALES.<\/a><\/li><li><a href=\"https:\/\/consultoria.anzoategui.gob.ve\/wp-content\/uploads\/2025\/01\/G.O-37-ORD-2022.pdf\" target=\"_blank\" rel=\"noopener\">GACETA OFICIAL N\u00ba 37 ORD &#8211; DECRETO 33 &#8211; DESIGNACI\u00d3N DE PEDRO MATA COMO PRESIDENTE DE LA CORPORACI\u00d3N DE MINAS.<\/a><\/li><\/ul><\/div>\n\t\t\t\t\t\t\t<\/div>\n\t\t<\/div>\n\t\t\t\t<\/div>\n\t\t\t\t<\/div>\n\t\t\t\t<\/div>\n\t\t\t\t\t\t\t<\/div>\n\t\t","protected":false},"excerpt":{"rendered":"<p>Las Gacetas Oficiales, bien sea de la Rep\u00fablica Bolivariana de Venezuela o del estado Anzo\u00e1tegui, fungen como per\u00edodico oficial, donde se publican para que surtan todos sus efectos legales, las leyes, los actos administrativos de efectos generales y de efectos particulares que las respectivas leyes as\u00ed lo ordenen; estos actos son emanados de la Administraci\u00f3n &hellip;<\/p>\n","protected":false},"author":1,"featured_media":0,"parent":0,"menu_order":0,"comment_status":"closed","ping_status":"closed","template":"","meta":{"_monsterinsights_skip_tracking":false,"_monsterinsights_sitenote_active":false,"_monsterinsights_sitenote_note":"","_monsterinsights_sitenote_category":0,"footnotes":""},"class_list":["post-11022","page","type-page","status-publish","hentry"],"_links":{"self":[{"href":"https:\/\/consultoria.anzoategui.gob.ve\/index.php?rest_route=\/wp\/v2\/pages\/11022","targetHints":{"allow":["GET"]}}],"collection":[{"href":"https:\/\/consultoria.anzoategui.gob.ve\/index.php?rest_route=\/wp\/v2\/pages"}],"about":[{"href":"https:\/\/consultoria.anzoategui.gob.ve\/index.php?rest_route=\/wp\/v2\/types\/page"}],"author":[{"embeddable":true,"href":"https:\/\/consultoria.anzoategui.gob.ve\/index.php?rest_route=\/wp\/v2\/users\/1"}],"replies":[{"embeddable":true,"href":"https:\/\/consultoria.anzoategui.gob.ve\/index.php?rest_route=%2Fwp%2Fv2%2Fcomments&post=11022"}],"version-history":[{"count":251,"href":"https:\/\/consultoria.anzoategui.gob.ve\/index.php?rest_route=\/wp\/v2\/pages\/11022\/revisions"}],"predecessor-version":[{"id":12548,"href":"https:\/\/consultoria.anzoategui.gob.ve\/index.php?rest_route=\/wp\/v2\/pages\/11022\/revisions\/12548"}],"wp:attachment":[{"href":"https:\/\/consultoria.anzoategui.gob.ve\/index.php?rest_route=%2Fwp%2Fv2%2Fmedia&parent=11022"}],"curies":[{"name":"wp","href":"https:\/\/api.w.org\/{rel}","templated":true}]}}